{"id":1398,"date":"2025-08-17T08:50:58","date_gmt":"2025-08-17T08:50:58","guid":{"rendered":"https:\/\/cumhuriyetveistiklalpartisi.org\/?page_id=1398"},"modified":"2025-08-27T10:42:48","modified_gmt":"2025-08-27T10:42:48","slug":"elektrik-politikasi","status":"publish","type":"page","link":"https:\/\/cumhuriyetveistiklalpartisi.org\/?page_id=1398","title":{"rendered":"Elektirik Politikas\u0131"},"content":{"rendered":"\n<p>Elektrik icad\u0131 ile insan ya\u015fam\u0131 bamba\u015fka bir boyut kazanm\u0131\u015ft\u0131r. 1800 y\u0131llar\u0131n\u0131n ba\u015f\u0131nda batarya icad edilmi\u015f kimyasal tepkime ile elektrik \u00fcretilmi\u015fti. \u00fcretilen elektrik ile her t\u00fcrl\u00fc deney-g\u00f6zlem ger\u00e7ekle\u015ftiriliyordu. ama kimse elektri\u011fin garip kuvvetini tam anlayamam\u0131\u015ft\u0131. \u00e7a\u011f\u0131m\u0131z\u0131n tersine elektri\u011fin \u00fcretilme sorunu vard\u0131. manyetik alan ke\u015ffi ile elektrik motorunun icad\u0131 kinetik enerjinin elektrik \u00fcretmesini sa\u011flad\u0131. kinetik enerji i\u00e7in fosil yak\u0131ta veya suya ihtiya\u00e7 duyuluyordu. ancak \u00e7a\u011f\u0131m\u0131zda solar enerji ile sessiz bir devrim ba\u015flad\u0131. kinetik enerji \u00fcretimindeki a\u015f\u0131nma ve metal yorgunlu\u011fu gibi fakt\u00f6rler bulunmuyordu. d\u00fcnya enerjide ilerici at\u0131l\u0131m hamlesini yaparken \u00fclkemizde \u00fcretime y\u00f6n verecek merkezi bir h\u00fck\u00fcmet g\u00f6rm\u00fcyorum. Solar enerji ile meskende bireysel olarak elektrik \u00fcretmek istedi\u011finizde h\u00fck\u00fcmet sizden 10\/1 fiyat\u0131na sat\u0131n almak istemektedir. bundaki ticari ahlak ve niyeti anlamak imkans\u0131zd\u0131r. kald\u0131 ki; bunu g\u00fcnde 70 milyon T\u00fcrk Liras\u0131 elektrik ithal eden bir h\u00fck\u00fcmet teklif etmektedir. OSB ve ticari m\u00fcesseselerde ise ilk yat\u0131r\u0131m maliyeti yap\u0131ld\u0131\u011f\u0131nda t\u00fcketti\u011fi kadar\u0131n\u0131 elektrik kurumuna satabiliyor. ama para kazanmak suretiyle elektrik kurumuna veremiyorsunuz. bak\u0131n dikkat buyurun! Bu 70 milyon TL elektrik ithal eden h\u00fck\u00fcmet politikas\u0131d\u0131r. Belediye ve tapu ile birlikte zeminde oldu\u011fu gibi \u00e7at\u0131 zeyil i\u015flemleri tapuya entegre edilecektir. \u00e7at\u0131 tadilat izni ile \u00e7at\u0131n\u0131za on-grid solar sistem ile elektrik \u00fcretip ayn\u0131 borsa fiyat\u0131ndan T\u00fcrkiye elektrik kurumuna elektrik satman\u0131za olanak sa\u011flayaca\u011f\u0131z. elektrik olmazsa olmaz\u0131m\u0131zd\u0131r. \u015fuan azda olsa g\u00fcnl\u00fck 70 milyon TL ithalat ile bu sorunu bertaraf edebiliyoruz ancak ilerideki su krizinde olas\u0131 \u00e7\u00f6z\u00fcm i\u00e7in y\u00fcksek elektrik \u00fcretimine devlet olarak ihtiya\u00e7 duymaktay\u0131z. fraksiyonumuzun ideolojileri sizi kurakl\u0131k ve susuzuluktan koruyabilir ancak elektrik enerjisine ihtiya\u00e7 duymaktay\u0131z. su politikalar\u0131m\u0131z\u0131n en b\u00fcy\u00fck \u00e7\u00f6z\u00fcm orta\u011f\u0131 havadaki nemi alacak olan end\u00fcstriyel nem alma makinalar\u0131d\u0131r. Devlet hazinesi tek ba\u015f\u0131na bu y\u00fck\u00fcn alt\u0131ndan kalkamaz, bunun i\u00e7in vatada\u015f\u0131n sahiplenece\u011fi  bir \u00e7\u00f6z\u00fcm orta\u011f\u0131na ihtiya\u00e7 duymaktay\u0131z. pasif gelir elde etmenize ve elektrik t\u00fcketim bedeli \u00f6dememek i\u00e7in yap\u0131lacak bir takas anla\u015fmas\u0131. elektrik \u00fcretenler ve i\u015f orta\u011f\u0131 olan t\u00fcketicilere elektrik %10 iskontolu verilecek olup istedi\u011fi kadar elektrik \u00fcretmesine m\u00fcsade edilecektir. gelece\u011fimiz i\u00e7in bu konuyu zaruri g\u00f6rmekteyim. \u015fuan \u00fclkemizde elektrik \u015firketi kisvesi alt\u0131nda belli bir cenaha terk edilmi\u015f bir sekt\u00f6r olarak i\u015fe yaramaz bir i\u015f modeli olarak kar\u015f\u0131m\u0131zda durmaktad\u0131r. k\u0131saca \u00f6zeti; sen elektrik \u00fcretme vatanda\u015f olarak m\u00fc\u015fteri kal diyen bir y\u00f6netimle kar\u015f\u0131 kar\u015f\u0131yay\u0131z. \u015fu \u00e7al\u0131\u015fkan ali-cenap millet ba\u015fka \u00fclkede olsa paray\u0131 koyacak yer bulamazd\u0131. sadece y\u00f6nlendirilmeye ihtiya\u00e7 duymaktad\u0131r.<\/p>\n","protected":false},"excerpt":{"rendered":"<p>Elektrik icad\u0131 ile insan ya\u015fam\u0131 bamba\u015fka bir boyut kazanm\u0131\u015ft\u0131r. 1800 y\u0131llar\u0131n\u0131n ba\u015f\u0131nda batarya icad edilmi\u015f kimyasal tepkime ile elektrik \u00fcretilmi\u015fti. \u00fcretilen elektrik ile her t\u00fcrl\u00fc deney-g\u00f6zlem ger\u00e7ekle\u015ftiriliyordu. ama kimse elektri\u011fin garip kuvvetini tam anlayamam\u0131\u015ft\u0131. \u00e7a\u011f\u0131m\u0131z\u0131n tersine elektri\u011fin \u00fcretilme sorunu vard\u0131. manyetik alan ke\u015ffi ile elektrik motorunun icad\u0131 kinetik enerjinin elektrik \u00fcretmesini sa\u011flad\u0131. kinetik enerji i\u00e7in [&hellip;]<\/p>\n","protected":false},"author":1,"featured_media":0,"parent":0,"menu_order":0,"comment_status":"closed","ping_status":"closed","template":"","meta":{"footnotes":""},"class_list":["post-1398","page","type-page","status-publish","hentry"],"_links":{"self":[{"href":"https:\/\/cumhuriyetveistiklalpartisi.org\/index.php?rest_route=\/wp\/v2\/pages\/1398","targetHints":{"allow":["GET"]}}],"collection":[{"href":"https:\/\/cumhuriyetveistiklalpartisi.org\/index.php?rest_route=\/wp\/v2\/pages"}],"about":[{"href":"https:\/\/cumhuriyetveistiklalpartisi.org\/index.php?rest_route=\/wp\/v2\/types\/page"}],"author":[{"embeddable":true,"href":"https:\/\/cumhuriyetveistiklalpartisi.org\/index.php?rest_route=\/wp\/v2\/users\/1"}],"replies":[{"embeddable":true,"href":"https:\/\/cumhuriyetveistiklalpartisi.org\/index.php?rest_route=%2Fwp%2Fv2%2Fcomments&post=1398"}],"version-history":[{"count":17,"href":"https:\/\/cumhuriyetveistiklalpartisi.org\/index.php?rest_route=\/wp\/v2\/pages\/1398\/revisions"}],"predecessor-version":[{"id":1655,"href":"https:\/\/cumhuriyetveistiklalpartisi.org\/index.php?rest_route=\/wp\/v2\/pages\/1398\/revisions\/1655"}],"wp:attachment":[{"href":"https:\/\/cumhuriyetveistiklalpartisi.org\/index.php?rest_route=%2Fwp%2Fv2%2Fmedia&parent=1398"}],"curies":[{"name":"wp","href":"https:\/\/api.w.org\/{rel}","templated":true}]}}