{"id":1412,"date":"2025-08-17T09:11:01","date_gmt":"2025-08-17T09:11:01","guid":{"rendered":"https:\/\/cumhuriyetveistiklalpartisi.org\/?page_id=1412"},"modified":"2025-08-17T18:23:56","modified_gmt":"2025-08-17T18:23:56","slug":"adalet-politikasi","status":"publish","type":"page","link":"https:\/\/cumhuriyetveistiklalpartisi.org\/?page_id=1412","title":{"rendered":"Adalet Politikas\u0131"},"content":{"rendered":"\n<p>Adalet Toplumun refah ve mutlulu\u011fu i\u00e7in elzemdir. bu neden her herhangi bir \u015fekilde su\u00e7a kar\u0131\u015fm\u0131\u015f ki\u015filerin toplumdan soyutlanmadan su\u00e7ta \u0131srar\u0131 \u00f6nleyecek \u015fekilde infazda kullan\u0131lcak kanunlar en az %10 en \u00fcst perdeden uygulanacak \u015fekilde belirlenecektir. hi\u00e7 su\u00e7a kar\u0131\u015fmam\u0131\u015f ki\u015filer artan orandan etkilenmez. ancak su\u00e7ta \u0131srarc\u0131 olmas\u0131 her dosya i\u00e7in %10 olacak \u015fekilde h\u00fck\u00fcm verilir. birden fazla m\u00fc\u015fteki olmas\u0131 m\u00fc\u015fteki oran\u0131yla %10 art\u0131\u015f kaydeder. a\u011f\u0131r ceza gibi insan hayat\u0131na mal olmu\u015f su\u00e7larda su\u00e7un i\u015flendi\u011fi yerdeki akil se\u00e7ilmi\u015f 11 ki\u015filik heyet taraf\u0131ndan ceza tayin edilir. kanunlar insanlar\u0131n ya\u015fay\u0131\u015flar\u0131n\u0131 d\u00fczenlemesinden dolay\u0131 idam cezas\u0131 bu heyet taraf\u0131ndan h\u00fck\u00fcm olunur. infaz emri i\u00e7in maktulun yak\u0131nlar\u0131ndan onay al\u0131n\u0131r. avrupa uyum yasalar\u0131 y\u0131llarca bekletilen bir \u00fclkeye uygun oldu\u011funu d\u00fc\u015f\u00fcnm\u00fcyorum. bu nedenle \u00fcyelik ba\u015fvurusunu tek tarafl\u0131 olarak fesih etme karar\u0131 alaca\u011f\u0131m\u0131 bildiririm. <\/p>\n\n\n\n<p>adi su\u00e7lar neticesinden h\u00fck\u00fcm giyenlerin islah\u0131 kamu i\u015f\u00e7ili\u011fine d\u00f6n\u00fc\u015ft\u00fcr\u00fclecektir. k\u00fcrek cezas\u0131 olarak adland\u0131r\u0131lacak sistemde a\u011f\u0131r i\u015flerde \u00e7al\u0131\u015fmak zorunda b\u0131rak\u0131lacakt\u0131r. <\/p>\n\n\n\n<p>infaz ger\u00e7ekle\u015ftirildi\u011finde bir sonraki su\u00e7a cayd\u0131r\u0131c\u0131 nitelikte olmak zorundad\u0131r.<\/p>\n","protected":false},"excerpt":{"rendered":"<p>Adalet Toplumun refah ve mutlulu\u011fu i\u00e7in elzemdir. bu neden her herhangi bir \u015fekilde su\u00e7a kar\u0131\u015fm\u0131\u015f ki\u015filerin toplumdan soyutlanmadan su\u00e7ta \u0131srar\u0131 \u00f6nleyecek \u015fekilde infazda kullan\u0131lcak kanunlar en az %10 en \u00fcst perdeden uygulanacak \u015fekilde belirlenecektir. hi\u00e7 su\u00e7a kar\u0131\u015fmam\u0131\u015f ki\u015filer artan orandan etkilenmez. ancak su\u00e7ta \u0131srarc\u0131 olmas\u0131 her dosya i\u00e7in %10 olacak \u015fekilde h\u00fck\u00fcm verilir. birden fazla [&hellip;]<\/p>\n","protected":false},"author":1,"featured_media":0,"parent":0,"menu_order":0,"comment_status":"closed","ping_status":"closed","template":"","meta":{"footnotes":""},"class_list":["post-1412","page","type-page","status-publish","hentry"],"_links":{"self":[{"href":"https:\/\/cumhuriyetveistiklalpartisi.org\/index.php?rest_route=\/wp\/v2\/pages\/1412","targetHints":{"allow":["GET"]}}],"collection":[{"href":"https:\/\/cumhuriyetveistiklalpartisi.org\/index.php?rest_route=\/wp\/v2\/pages"}],"about":[{"href":"https:\/\/cumhuriyetveistiklalpartisi.org\/index.php?rest_route=\/wp\/v2\/types\/page"}],"author":[{"embeddable":true,"href":"https:\/\/cumhuriyetveistiklalpartisi.org\/index.php?rest_route=\/wp\/v2\/users\/1"}],"replies":[{"embeddable":true,"href":"https:\/\/cumhuriyetveistiklalpartisi.org\/index.php?rest_route=%2Fwp%2Fv2%2Fcomments&post=1412"}],"version-history":[{"count":4,"href":"https:\/\/cumhuriyetveistiklalpartisi.org\/index.php?rest_route=\/wp\/v2\/pages\/1412\/revisions"}],"predecessor-version":[{"id":1567,"href":"https:\/\/cumhuriyetveistiklalpartisi.org\/index.php?rest_route=\/wp\/v2\/pages\/1412\/revisions\/1567"}],"wp:attachment":[{"href":"https:\/\/cumhuriyetveistiklalpartisi.org\/index.php?rest_route=%2Fwp%2Fv2%2Fmedia&parent=1412"}],"curies":[{"name":"wp","href":"https:\/\/api.w.org\/{rel}","templated":true}]}}