{"id":1519,"date":"2025-08-17T17:11:44","date_gmt":"2025-08-17T17:11:44","guid":{"rendered":"https:\/\/cumhuriyetveistiklalpartisi.org\/?page_id=1519"},"modified":"2025-08-27T18:00:48","modified_gmt":"2025-08-27T18:00:48","slug":"elektrikli-araclar-vergi-muafiyeti","status":"publish","type":"page","link":"https:\/\/cumhuriyetveistiklalpartisi.org\/?page_id=1519","title":{"rendered":"Elektrikli Ara\u00e7 Vergi muafiyeti"},"content":{"rendered":"\n<p>Elektrikli ara\u00e7lardan karbon sal\u0131n\u0131m vergisi al\u0131nmayacakt\u0131r. fosil yak\u0131tl\u0131 ara\u00e7lar\u0131n d\u00fc\u015f\u00fck silindir hacmi ile vergilendirme d\u00f6nemi son bulacak \u00e7evreye sald\u0131\u011f\u0131 CO2 gaz\u0131 ile orant\u0131l\u0131 bir \u015fekilde vergi al\u0131nacakt\u0131r. <\/p>\n","protected":false},"excerpt":{"rendered":"<p>Elektrikli ara\u00e7lardan karbon sal\u0131n\u0131m vergisi al\u0131nmayacakt\u0131r. fosil yak\u0131tl\u0131 ara\u00e7lar\u0131n d\u00fc\u015f\u00fck silindir hacmi ile vergilendirme d\u00f6nemi son bulacak \u00e7evreye sald\u0131\u011f\u0131 CO2 gaz\u0131 ile orant\u0131l\u0131 bir \u015fekilde vergi al\u0131nacakt\u0131r.<\/p>\n","protected":false},"author":1,"featured_media":0,"parent":0,"menu_order":0,"comment_status":"closed","ping_status":"closed","template":"","meta":{"footnotes":""},"class_list":["post-1519","page","type-page","status-publish","hentry"],"_links":{"self":[{"href":"https:\/\/cumhuriyetveistiklalpartisi.org\/index.php?rest_route=\/wp\/v2\/pages\/1519","targetHints":{"allow":["GET"]}}],"collection":[{"href":"https:\/\/cumhuriyetveistiklalpartisi.org\/index.php?rest_route=\/wp\/v2\/pages"}],"about":[{"href":"https:\/\/cumhuriyetveistiklalpartisi.org\/index.php?rest_route=\/wp\/v2\/types\/page"}],"author":[{"embeddable":true,"href":"https:\/\/cumhuriyetveistiklalpartisi.org\/index.php?rest_route=\/wp\/v2\/users\/1"}],"replies":[{"embeddable":true,"href":"https:\/\/cumhuriyetveistiklalpartisi.org\/index.php?rest_route=%2Fwp%2Fv2%2Fcomments&post=1519"}],"version-history":[{"count":4,"href":"https:\/\/cumhuriyetveistiklalpartisi.org\/index.php?rest_route=\/wp\/v2\/pages\/1519\/revisions"}],"predecessor-version":[{"id":1677,"href":"https:\/\/cumhuriyetveistiklalpartisi.org\/index.php?rest_route=\/wp\/v2\/pages\/1519\/revisions\/1677"}],"wp:attachment":[{"href":"https:\/\/cumhuriyetveistiklalpartisi.org\/index.php?rest_route=%2Fwp%2Fv2%2Fmedia&parent=1519"}],"curies":[{"name":"wp","href":"https:\/\/api.w.org\/{rel}","templated":true}]}}