{"id":1540,"date":"2025-08-17T17:40:48","date_gmt":"2025-08-17T17:40:48","guid":{"rendered":"https:\/\/cumhuriyetveistiklalpartisi.org\/?page_id=1540"},"modified":"2025-08-17T17:50:26","modified_gmt":"2025-08-17T17:50:26","slug":"borsa-manipulasyon-duzenlemesi","status":"publish","type":"page","link":"https:\/\/cumhuriyetveistiklalpartisi.org\/?page_id=1540","title":{"rendered":"BORSA MAN\u0130P\u00dcLASYON D\u00dcZENLEMES\u0130"},"content":{"rendered":"\n<p>\u015eirketlerimizin Hisse mukabilinde kaynak yaratma gereksinimlerini adil bir \u015fekilde d\u00fczenliyoruz. d\u00fczenlemekteki ama\u00e7 ger\u00e7ek d\u0131\u015f\u0131 i\u015flemleri yat\u0131r\u0131mc\u0131y\u0131 yan\u0131ltma, \u00e7\u0131kar ama\u00e7l\u0131 borsa manip\u00fclasyonunun \u00f6n\u00fcne ge\u00e7mektir. gayri resmi hisse al\u0131\u015f-sat\u0131\u015f i\u015flemlerinin \u00f6n\u00fcn\u00fcne ge\u00e7mek ve \u015firket ortaklar\u0131n\u0131n doldur-bo\u015falt diye tabir edilen manip\u00fclatif hareketlerine maliyet getirirek \u015feffaf bir borsac\u0131l\u0131k d\u00fczenlemesine gitmek olacakt\u0131r. muas\u0131r medeniyetlerde oldu\u011fu gibi al\u0131\u015f-sat\u0131\u015f komisyonu %3 olacak \u015fekilde ger\u00e7ek al\u0131c\u0131 ve sat\u0131c\u0131lar\u0131n ayn\u0131 eksende bulu\u015fmas\u0131na vesile olacak \u015fekilde d\u00fczenlenmesidir. borsaya kote olmu\u015f her \u015firket mecburi bir \u015fekilde kar da\u011f\u0131t\u0131m\u0131 yapmak zorunda kalacakt\u0131r.<\/p>\n","protected":false},"excerpt":{"rendered":"<p>\u015eirketlerimizin Hisse mukabilinde kaynak yaratma gereksinimlerini adil bir \u015fekilde d\u00fczenliyoruz. d\u00fczenlemekteki ama\u00e7 ger\u00e7ek d\u0131\u015f\u0131 i\u015flemleri yat\u0131r\u0131mc\u0131y\u0131 yan\u0131ltma, \u00e7\u0131kar ama\u00e7l\u0131 borsa manip\u00fclasyonunun \u00f6n\u00fcne ge\u00e7mektir. gayri resmi hisse al\u0131\u015f-sat\u0131\u015f i\u015flemlerinin \u00f6n\u00fcn\u00fcne ge\u00e7mek ve \u015firket ortaklar\u0131n\u0131n doldur-bo\u015falt diye tabir edilen manip\u00fclatif hareketlerine maliyet getirirek \u015feffaf bir borsac\u0131l\u0131k d\u00fczenlemesine gitmek olacakt\u0131r. muas\u0131r medeniyetlerde oldu\u011fu gibi al\u0131\u015f-sat\u0131\u015f komisyonu %3 olacak [&hellip;]<\/p>\n","protected":false},"author":1,"featured_media":0,"parent":0,"menu_order":0,"comment_status":"closed","ping_status":"closed","template":"","meta":{"footnotes":""},"class_list":["post-1540","page","type-page","status-publish","hentry"],"_links":{"self":[{"href":"https:\/\/cumhuriyetveistiklalpartisi.org\/index.php?rest_route=\/wp\/v2\/pages\/1540","targetHints":{"allow":["GET"]}}],"collection":[{"href":"https:\/\/cumhuriyetveistiklalpartisi.org\/index.php?rest_route=\/wp\/v2\/pages"}],"about":[{"href":"https:\/\/cumhuriyetveistiklalpartisi.org\/index.php?rest_route=\/wp\/v2\/types\/page"}],"author":[{"embeddable":true,"href":"https:\/\/cumhuriyetveistiklalpartisi.org\/index.php?rest_route=\/wp\/v2\/users\/1"}],"replies":[{"embeddable":true,"href":"https:\/\/cumhuriyetveistiklalpartisi.org\/index.php?rest_route=%2Fwp%2Fv2%2Fcomments&post=1540"}],"version-history":[{"count":3,"href":"https:\/\/cumhuriyetveistiklalpartisi.org\/index.php?rest_route=\/wp\/v2\/pages\/1540\/revisions"}],"predecessor-version":[{"id":1550,"href":"https:\/\/cumhuriyetveistiklalpartisi.org\/index.php?rest_route=\/wp\/v2\/pages\/1540\/revisions\/1550"}],"wp:attachment":[{"href":"https:\/\/cumhuriyetveistiklalpartisi.org\/index.php?rest_route=%2Fwp%2Fv2%2Fmedia&parent=1540"}],"curies":[{"name":"wp","href":"https:\/\/api.w.org\/{rel}","templated":true}]}}