{"id":1568,"date":"2025-08-17T18:37:15","date_gmt":"2025-08-17T18:37:15","guid":{"rendered":"https:\/\/cumhuriyetveistiklalpartisi.org\/?page_id=1568"},"modified":"2025-08-27T08:44:28","modified_gmt":"2025-08-27T08:44:28","slug":"tapu-harclari","status":"publish","type":"page","link":"https:\/\/cumhuriyetveistiklalpartisi.org\/?page_id=1568","title":{"rendered":"Tapu Har\u00e7lar\u0131"},"content":{"rendered":"\n<p>ger\u00e7ek rakamlar\u0131n y\u00fcksek har\u00e7lar sebebiyle gizlenmesi sebebiyle olu\u015fan vergi zayiat\u0131 ve gizlenen hayat standard\u0131 art\u0131k ortadan kalk\u0131yor. gayrimenkul al\u0131m sat\u0131mlar\u0131nda al\u0131c\u0131 ve sat\u0131c\u0131 taraf\u0131ndan \u00f6denen tapu harc\u0131 tamamen kald\u0131r\u0131lacakt\u0131r. b\u00f6ylelikle ger\u00e7ek rakamlar e\u015fli\u011finde ki\u015finin serveti ve k\u00fcm\u00fclatif sekt\u00f6r analizi daha ger\u00e7ek\u00e7i yap\u0131lacakt\u0131r. <\/p>\n","protected":false},"excerpt":{"rendered":"<p>ger\u00e7ek rakamlar\u0131n y\u00fcksek har\u00e7lar sebebiyle gizlenmesi sebebiyle olu\u015fan vergi zayiat\u0131 ve gizlenen hayat standard\u0131 art\u0131k ortadan kalk\u0131yor. gayrimenkul al\u0131m sat\u0131mlar\u0131nda al\u0131c\u0131 ve sat\u0131c\u0131 taraf\u0131ndan \u00f6denen tapu harc\u0131 tamamen kald\u0131r\u0131lacakt\u0131r. b\u00f6ylelikle ger\u00e7ek rakamlar e\u015fli\u011finde ki\u015finin serveti ve k\u00fcm\u00fclatif sekt\u00f6r analizi daha ger\u00e7ek\u00e7i yap\u0131lacakt\u0131r.<\/p>\n","protected":false},"author":1,"featured_media":0,"parent":0,"menu_order":0,"comment_status":"closed","ping_status":"closed","template":"","meta":{"footnotes":""},"class_list":["post-1568","page","type-page","status-publish","hentry"],"_links":{"self":[{"href":"https:\/\/cumhuriyetveistiklalpartisi.org\/index.php?rest_route=\/wp\/v2\/pages\/1568","targetHints":{"allow":["GET"]}}],"collection":[{"href":"https:\/\/cumhuriyetveistiklalpartisi.org\/index.php?rest_route=\/wp\/v2\/pages"}],"about":[{"href":"https:\/\/cumhuriyetveistiklalpartisi.org\/index.php?rest_route=\/wp\/v2\/types\/page"}],"author":[{"embeddable":true,"href":"https:\/\/cumhuriyetveistiklalpartisi.org\/index.php?rest_route=\/wp\/v2\/users\/1"}],"replies":[{"embeddable":true,"href":"https:\/\/cumhuriyetveistiklalpartisi.org\/index.php?rest_route=%2Fwp%2Fv2%2Fcomments&post=1568"}],"version-history":[{"count":3,"href":"https:\/\/cumhuriyetveistiklalpartisi.org\/index.php?rest_route=\/wp\/v2\/pages\/1568\/revisions"}],"predecessor-version":[{"id":1640,"href":"https:\/\/cumhuriyetveistiklalpartisi.org\/index.php?rest_route=\/wp\/v2\/pages\/1568\/revisions\/1640"}],"wp:attachment":[{"href":"https:\/\/cumhuriyetveistiklalpartisi.org\/index.php?rest_route=%2Fwp%2Fv2%2Fmedia&parent=1568"}],"curies":[{"name":"wp","href":"https:\/\/api.w.org\/{rel}","templated":true}]}}