{"id":1641,"date":"2025-08-27T09:06:22","date_gmt":"2025-08-27T09:06:22","guid":{"rendered":"https:\/\/cumhuriyetveistiklalpartisi.org\/?page_id=1641"},"modified":"2025-08-27T18:04:15","modified_gmt":"2025-08-27T18:04:15","slug":"vergi-politikalari","status":"publish","type":"page","link":"https:\/\/cumhuriyetveistiklalpartisi.org\/?page_id=1641","title":{"rendered":"Vergi politikas\u0131"},"content":{"rendered":"\n<hr class=\"wp-block-separator has-alpha-channel-opacity is-style-wide\"\/>\n\n\n\n<div class=\"wp-block-media-text alignwide is-stacked-on-mobile\" style=\"grid-template-columns:15% auto\"><figure class=\"wp-block-media-text__media\"><a href=\"https:\/\/cumhuriyetveistiklalpartisi.org\/?page_id=1410\"><img loading=\"lazy\" decoding=\"async\" width=\"288\" height=\"175\" src=\"http:\/\/cumhuriyetveistiklalpartisi.org\/wp-content\/uploads\/2025\/08\/images-1.jpeg\" alt=\"\" class=\"wp-image-1375 size-full\"\/><\/a><\/figure><div class=\"wp-block-media-text__content\">\n<p><a href=\"vergihttps:\/\/cumhuriyetveistiklalpartisi.org\/?page_id=1410\" data-type=\"URL\" data-id=\"vergihttps:\/\/cumhuriyetveistiklalpartisi.org\/?page_id=1410\"><strong><mark style=\"background-color:rgba(0, 0, 0, 0)\" class=\"has-inline-color has-vivid-red-color\">Vergi Sistemi<\/mark><\/strong><\/a><\/p>\n<\/div><\/div>\n\n\n\n<hr class=\"wp-block-separator has-alpha-channel-opacity is-style-wide\"\/>\n\n\n\n<div class=\"wp-block-media-text alignwide is-stacked-on-mobile\" style=\"grid-template-columns:15% auto\"><figure class=\"wp-block-media-text__media\"><a href=\"https:\/\/cumhuriyetveistiklalpartisi.org\/?page_id=1572\"><img loading=\"lazy\" decoding=\"async\" width=\"280\" height=\"180\" src=\"http:\/\/cumhuriyetveistiklalpartisi.org\/wp-content\/uploads\/2025\/08\/indir-21.jpeg\" alt=\"\" class=\"wp-image-1579 size-full\"\/><\/a><\/figure><div class=\"wp-block-media-text__content\">\n<p><strong><a href=\"https:\/\/cumhuriyetveistiklalpartisi.org\/?page_id=1572\" data-type=\"page\" data-id=\"1572\"><mark style=\"background-color:rgba(0, 0, 0, 0)\" class=\"has-inline-color has-vivid-red-color\">Gayrimenkul Vergisi<\/mark><\/a><\/strong><\/p>\n<\/div><\/div>\n\n\n\n<hr class=\"wp-block-separator has-alpha-channel-opacity is-style-wide\"\/>\n\n\n\n<div class=\"wp-block-media-text alignwide is-stacked-on-mobile\" style=\"grid-template-columns:15% auto\"><figure class=\"wp-block-media-text__media\"><a href=\"https:\/\/cumhuriyetveistiklalpartisi.org\/?page_id=1568\"><img loading=\"lazy\" decoding=\"async\" width=\"288\" height=\"175\" src=\"http:\/\/cumhuriyetveistiklalpartisi.org\/wp-content\/uploads\/2025\/08\/indir-20.jpeg\" alt=\"\" class=\"wp-image-1577 size-full\"\/><\/a><\/figure><div class=\"wp-block-media-text__content\">\n<p><strong><a href=\"https:\/\/cumhuriyetveistiklalpartisi.org\/?page_id=1568\" data-type=\"page\" data-id=\"1568\"><mark style=\"background-color:rgba(0, 0, 0, 0)\" class=\"has-inline-color has-vivid-red-color\">Tapu Har\u00e7lar\u0131<\/mark><\/a><\/strong><\/p>\n<\/div><\/div>\n\n\n\n<hr class=\"wp-block-separator has-alpha-channel-opacity is-style-wide\"\/>\n\n\n\n<div class=\"wp-block-media-text alignwide is-stacked-on-mobile\" style=\"grid-template-columns:15% auto\"><figure class=\"wp-block-media-text__media\"><a href=\"https:\/\/cumhuriyetveistiklalpartisi.org\/?page_id=1675\"><img loading=\"lazy\" decoding=\"async\" width=\"300\" height=\"168\" src=\"https:\/\/cumhuriyetveistiklalpartisi.org\/wp-content\/uploads\/2025\/08\/indir-22.jpeg\" alt=\"\" class=\"wp-image-1679 size-full\"\/><\/a><\/figure><div class=\"wp-block-media-text__content\">\n<p><strong><a href=\"https:\/\/cumhuriyetveistiklalpartisi.org\/?page_id=1675\" data-type=\"page\" data-id=\"1675\"><mark style=\"background-color:rgba(0, 0, 0, 0)\" class=\"has-inline-color has-vivid-red-color\">Karbon Vergisi<\/mark><\/a><\/strong><\/p>\n<\/div><\/div>\n\n\n\n<hr class=\"wp-block-separator has-alpha-channel-opacity is-style-wide\"\/>\n\n\n\n<div class=\"wp-block-media-text alignwide is-stacked-on-mobile\" style=\"grid-template-columns:15% auto\"><figure class=\"wp-block-media-text__media\"><a href=\"https:\/\/cumhuriyetveistiklalpartisi.org\/?page_id=1519\"><img loading=\"lazy\" decoding=\"async\" width=\"261\" height=\"193\" src=\"http:\/\/cumhuriyetveistiklalpartisi.org\/wp-content\/uploads\/2025\/08\/indir-15.jpeg\" alt=\"\" class=\"wp-image-1522 size-full\"\/><\/a><\/figure><div class=\"wp-block-media-text__content\">\n<p><strong><a href=\"https:\/\/cumhuriyetveistiklalpartisi.org\/?page_id=1519\" data-type=\"page\" data-id=\"1519\"><mark style=\"background-color:rgba(0, 0, 0, 0)\" class=\"has-inline-color has-vivid-red-color\">Elektrikli Ara\u00e7 Vergi Muafiyeti <\/mark><\/a><\/strong><\/p>\n<\/div><\/div>\n\n\n\n<hr class=\"wp-block-separator has-alpha-channel-opacity is-style-wide\"\/>\n\n\n\n<div class=\"wp-block-media-text alignwide is-stacked-on-mobile\" style=\"grid-template-columns:15% auto\"><figure class=\"wp-block-media-text__media\"><a href=\"https:\/\/cumhuriyetveistiklalpartisi.org\/?page_id=1570\"><img loading=\"lazy\" decoding=\"async\" width=\"309\" height=\"163\" src=\"http:\/\/cumhuriyetveistiklalpartisi.org\/wp-content\/uploads\/2025\/08\/indir-19.jpeg\" alt=\"\" class=\"wp-image-1574 size-full\" srcset=\"https:\/\/cumhuriyetveistiklalpartisi.org\/wp-content\/uploads\/2025\/08\/indir-19.jpeg 309w, https:\/\/cumhuriyetveistiklalpartisi.org\/wp-content\/uploads\/2025\/08\/indir-19-300x158.jpeg 300w\" sizes=\"auto, (max-width: 309px) 100vw, 309px\" \/><\/a><\/figure><div class=\"wp-block-media-text__content\">\n<p><strong><a href=\"https:\/\/cumhuriyetveistiklalpartisi.org\/?page_id=1570\" data-type=\"page\" data-id=\"1570\"><mark style=\"background-color:rgba(0, 0, 0, 0)\" class=\"has-inline-color has-vivid-red-color\">Ara\u00e7 \u00d6TV Depozitosu<\/mark><\/a><\/strong><\/p>\n<\/div><\/div>\n\n\n\n<hr class=\"wp-block-separator has-alpha-channel-opacity is-style-wide\"\/>\n","protected":false},"excerpt":{"rendered":"<p>Vergi Sistemi Gayrimenkul Vergisi Tapu Har\u00e7lar\u0131 Karbon Vergisi Elektrikli Ara\u00e7 Vergi Muafiyeti Ara\u00e7 \u00d6TV Depozitosu<\/p>\n","protected":false},"author":1,"featured_media":0,"parent":0,"menu_order":0,"comment_status":"closed","ping_status":"closed","template":"","meta":{"footnotes":""},"class_list":["post-1641","page","type-page","status-publish","hentry"],"_links":{"self":[{"href":"https:\/\/cumhuriyetveistiklalpartisi.org\/index.php?rest_route=\/wp\/v2\/pages\/1641","targetHints":{"allow":["GET"]}}],"collection":[{"href":"https:\/\/cumhuriyetveistiklalpartisi.org\/index.php?rest_route=\/wp\/v2\/pages"}],"about":[{"href":"https:\/\/cumhuriyetveistiklalpartisi.org\/index.php?rest_route=\/wp\/v2\/types\/page"}],"author":[{"embeddable":true,"href":"https:\/\/cumhuriyetveistiklalpartisi.org\/index.php?rest_route=\/wp\/v2\/users\/1"}],"replies":[{"embeddable":true,"href":"https:\/\/cumhuriyetveistiklalpartisi.org\/index.php?rest_route=%2Fwp%2Fv2%2Fcomments&post=1641"}],"version-history":[{"count":9,"href":"https:\/\/cumhuriyetveistiklalpartisi.org\/index.php?rest_route=\/wp\/v2\/pages\/1641\/revisions"}],"predecessor-version":[{"id":1683,"href":"https:\/\/cumhuriyetveistiklalpartisi.org\/index.php?rest_route=\/wp\/v2\/pages\/1641\/revisions\/1683"}],"wp:attachment":[{"href":"https:\/\/cumhuriyetveistiklalpartisi.org\/index.php?rest_route=%2Fwp%2Fv2%2Fmedia&parent=1641"}],"curies":[{"name":"wp","href":"https:\/\/api.w.org\/{rel}","templated":true}]}}