{"id":1660,"date":"2025-08-27T10:51:36","date_gmt":"2025-08-27T10:51:36","guid":{"rendered":"https:\/\/cumhuriyetveistiklalpartisi.org\/?page_id=1660"},"modified":"2025-08-27T18:07:09","modified_gmt":"2025-08-27T18:07:09","slug":"tarim-politikalari","status":"publish","type":"page","link":"https:\/\/cumhuriyetveistiklalpartisi.org\/?page_id=1660","title":{"rendered":"Tar\u0131m Politikas\u0131"},"content":{"rendered":"\n<hr class=\"wp-block-separator has-alpha-channel-opacity is-style-wide\"\/>\n\n\n\n<div class=\"wp-block-media-text alignwide is-stacked-on-mobile\" style=\"grid-template-columns:15% auto\"><figure class=\"wp-block-media-text__media\"><a href=\"https:\/\/cumhuriyetveistiklalpartisi.org\/?page_id=1509\"><img loading=\"lazy\" decoding=\"async\" width=\"300\" height=\"168\" src=\"http:\/\/cumhuriyetveistiklalpartisi.org\/wp-content\/uploads\/2025\/08\/indir-13.jpeg\" alt=\"\" class=\"wp-image-1514 size-full\"\/><\/a><\/figure><div class=\"wp-block-media-text__content\">\n<p><a href=\"https:\/\/cumhuriyetveistiklalpartisi.org\/?page_id=1509\" data-type=\"page\" data-id=\"1509\"><strong><mark style=\"background-color:rgba(0, 0, 0, 0)\" class=\"has-inline-color has-vivid-red-color\">G\u0131da G\u00fcvenli\u011fi<\/mark><\/strong><\/a><\/p>\n<\/div><\/div>\n\n\n\n<hr class=\"wp-block-separator has-alpha-channel-opacity is-style-wide\"\/>\n","protected":false},"excerpt":{"rendered":"<p>G\u0131da G\u00fcvenli\u011fi<\/p>\n","protected":false},"author":1,"featured_media":0,"parent":0,"menu_order":0,"comment_status":"closed","ping_status":"closed","template":"","meta":{"footnotes":""},"class_list":["post-1660","page","type-page","status-publish","hentry"],"_links":{"self":[{"href":"https:\/\/cumhuriyetveistiklalpartisi.org\/index.php?rest_route=\/wp\/v2\/pages\/1660","targetHints":{"allow":["GET"]}}],"collection":[{"href":"https:\/\/cumhuriyetveistiklalpartisi.org\/index.php?rest_route=\/wp\/v2\/pages"}],"about":[{"href":"https:\/\/cumhuriyetveistiklalpartisi.org\/index.php?rest_route=\/wp\/v2\/types\/page"}],"author":[{"embeddable":true,"href":"https:\/\/cumhuriyetveistiklalpartisi.org\/index.php?rest_route=\/wp\/v2\/users\/1"}],"replies":[{"embeddable":true,"href":"https:\/\/cumhuriyetveistiklalpartisi.org\/index.php?rest_route=%2Fwp%2Fv2%2Fcomments&post=1660"}],"version-history":[{"count":3,"href":"https:\/\/cumhuriyetveistiklalpartisi.org\/index.php?rest_route=\/wp\/v2\/pages\/1660\/revisions"}],"predecessor-version":[{"id":1688,"href":"https:\/\/cumhuriyetveistiklalpartisi.org\/index.php?rest_route=\/wp\/v2\/pages\/1660\/revisions\/1688"}],"wp:attachment":[{"href":"https:\/\/cumhuriyetveistiklalpartisi.org\/index.php?rest_route=%2Fwp%2Fv2%2Fmedia&parent=1660"}],"curies":[{"name":"wp","href":"https:\/\/api.w.org\/{rel}","templated":true}]}}