{"id":22,"date":"2020-11-02T07:53:11","date_gmt":"2020-11-02T07:53:11","guid":{"rendered":"http:\/\/cumhuriyetveistiklalpartisi.org\/?page_id=22"},"modified":"2025-11-27T09:04:16","modified_gmt":"2025-11-27T09:04:16","slug":"bagis","status":"publish","type":"page","link":"https:\/\/cumhuriyetveistiklalpartisi.org\/?page_id=22","title":{"rendered":"BA\u011eI\u015e"},"content":{"rendered":"\n<hr class=\"wp-block-separator has-alpha-channel-opacity is-style-wide\"\/>\n\n\n\n<div data-wp-interactive=\"core\/file\" class=\"wp-block-file aligncenter\"><object data-wp-bind--hidden=\"!state.hasPdfPreview\" hidden class=\"wp-block-file__embed\" data=\"https:\/\/cumhuriyetveistiklalpartisi.org\/wp-content\/uploads\/2025\/11\/yeni-umumi-bagis.pdf\" type=\"application\/pdf\" style=\"width:100%;height:600px\" aria-label=\"yeni-umumi-bagis g\u00f6m\u00fcs\u00fc.\"><\/object><a id=\"wp-block-file--media-808e6821-aa9d-4240-92d5-1d28498e73ea\" href=\"https:\/\/cumhuriyetveistiklalpartisi.org\/wp-content\/uploads\/2025\/11\/yeni-umumi-bagis.pdf\">yeni-umumi-bagis<\/a><\/div>\n\n\n\n<hr class=\"wp-block-separator has-alpha-channel-opacity is-style-wide\"\/>\n\n\n\n<p><\/p>\n\n\n\n<p><strong>CUMHUR\u0130YET VE \u0130ST\u0130KLAL PART\u0130S\u0130&nbsp;<\/strong><\/p>\n\n\n\n<p>Ziraat Bankas\u0131 Hesab\u0131 <\/p>\n\n\n\n<p><strong>TR65 0001 0019 2594 9823 5650 01<\/strong>&nbsp;Banka hesab\u0131na ba\u011f\u0131\u015fta bulunman\u0131z dile\u011fiyle.<\/p>\n\n\n\n<figure class=\"wp-block-image size-full is-resized\"><img loading=\"lazy\" decoding=\"async\" src=\"https:\/\/cumhuriyetveistiklalpartisi.org\/wp-content\/uploads\/2025\/11\/IMG_0918.jpg\" alt=\"\" class=\"wp-image-1695\" width=\"164\" height=\"185\" srcset=\"https:\/\/cumhuriyetveistiklalpartisi.org\/wp-content\/uploads\/2025\/11\/IMG_0918.jpg 898w, https:\/\/cumhuriyetveistiklalpartisi.org\/wp-content\/uploads\/2025\/11\/IMG_0918-266x300.jpg 266w, https:\/\/cumhuriyetveistiklalpartisi.org\/wp-content\/uploads\/2025\/11\/IMG_0918-768x866.jpg 768w\" sizes=\"auto, (max-width: 164px) 100vw, 164px\" \/><\/figure>\n","protected":false},"excerpt":{"rendered":"<p>CUMHUR\u0130YET VE \u0130ST\u0130KLAL PART\u0130S\u0130&nbsp; Ziraat Bankas\u0131 Hesab\u0131 TR65 0001 0019 2594 9823 5650 01&nbsp;Banka hesab\u0131na ba\u011f\u0131\u015fta bulunman\u0131z dile\u011fiyle.<\/p>\n","protected":false},"author":1,"featured_media":0,"parent":0,"menu_order":0,"comment_status":"closed","ping_status":"closed","template":"","meta":{"footnotes":""},"class_list":["post-22","page","type-page","status-publish","hentry"],"_links":{"self":[{"href":"https:\/\/cumhuriyetveistiklalpartisi.org\/index.php?rest_route=\/wp\/v2\/pages\/22","targetHints":{"allow":["GET"]}}],"collection":[{"href":"https:\/\/cumhuriyetveistiklalpartisi.org\/index.php?rest_route=\/wp\/v2\/pages"}],"about":[{"href":"https:\/\/cumhuriyetveistiklalpartisi.org\/index.php?rest_route=\/wp\/v2\/types\/page"}],"author":[{"embeddable":true,"href":"https:\/\/cumhuriyetveistiklalpartisi.org\/index.php?rest_route=\/wp\/v2\/users\/1"}],"replies":[{"embeddable":true,"href":"https:\/\/cumhuriyetveistiklalpartisi.org\/index.php?rest_route=%2Fwp%2Fv2%2Fcomments&post=22"}],"version-history":[{"count":16,"href":"https:\/\/cumhuriyetveistiklalpartisi.org\/index.php?rest_route=\/wp\/v2\/pages\/22\/revisions"}],"predecessor-version":[{"id":1697,"href":"https:\/\/cumhuriyetveistiklalpartisi.org\/index.php?rest_route=\/wp\/v2\/pages\/22\/revisions\/1697"}],"wp:attachment":[{"href":"https:\/\/cumhuriyetveistiklalpartisi.org\/index.php?rest_route=%2Fwp%2Fv2%2Fmedia&parent=22"}],"curies":[{"name":"wp","href":"https:\/\/api.w.org\/{rel}","templated":true}]}}