{"id":24,"date":"2020-11-02T07:54:04","date_gmt":"2020-11-02T07:54:04","guid":{"rendered":"http:\/\/cumhuriyetveistiklalpartisi.org\/?page_id=24"},"modified":"2021-04-09T09:47:25","modified_gmt":"2021-04-09T09:47:25","slug":"parti-gelirleri","status":"publish","type":"page","link":"https:\/\/cumhuriyetveistiklalpartisi.org\/?page_id=24","title":{"rendered":"2020 Y\u0131l\u0131 Gelirlerimiz"},"content":{"rendered":"\n<p>Cumhuriyet ve \u0130stiklal Partisi 2020 Y\u0131l\u0131nda elde edilen Toplam elde edilen Gelir <strong>112.200,60<\/strong> T\u00fcrk Liras\u0131&#8217;d\u0131r. <\/p>\n\n\n\n<figure class=\"wp-block-image size-large\"><img loading=\"lazy\" decoding=\"async\" width=\"725\" height=\"1024\" src=\"http:\/\/cumhuriyetveistiklalpartisi.org\/wp-content\/uploads\/2020\/11\/IMG_9773-725x1024.jpg\" alt=\"\" class=\"wp-image-92\" srcset=\"https:\/\/cumhuriyetveistiklalpartisi.org\/wp-content\/uploads\/2020\/11\/IMG_9773-725x1024.jpg 725w, https:\/\/cumhuriyetveistiklalpartisi.org\/wp-content\/uploads\/2020\/11\/IMG_9773-212x300.jpg 212w, https:\/\/cumhuriyetveistiklalpartisi.org\/wp-content\/uploads\/2020\/11\/IMG_9773-768x1085.jpg 768w, https:\/\/cumhuriyetveistiklalpartisi.org\/wp-content\/uploads\/2020\/11\/IMG_9773-1088x1536.jpg 1088w, https:\/\/cumhuriyetveistiklalpartisi.org\/wp-content\/uploads\/2020\/11\/IMG_9773-1450x2048.jpg 1450w, https:\/\/cumhuriyetveistiklalpartisi.org\/wp-content\/uploads\/2020\/11\/IMG_9773-scaled.jpg 1813w\" sizes=\"auto, (max-width: 725px) 100vw, 725px\" \/><\/figure>\n\n\n\n<figure class=\"wp-block-image size-large\"><img loading=\"lazy\" decoding=\"async\" width=\"737\" height=\"1024\" src=\"http:\/\/cumhuriyetveistiklalpartisi.org\/wp-content\/uploads\/2020\/11\/IMG_9767-737x1024.jpg\" alt=\"\" class=\"wp-image-93\" srcset=\"https:\/\/cumhuriyetveistiklalpartisi.org\/wp-content\/uploads\/2020\/11\/IMG_9767-737x1024.jpg 737w, https:\/\/cumhuriyetveistiklalpartisi.org\/wp-content\/uploads\/2020\/11\/IMG_9767-216x300.jpg 216w, https:\/\/cumhuriyetveistiklalpartisi.org\/wp-content\/uploads\/2020\/11\/IMG_9767-768x1067.jpg 768w, https:\/\/cumhuriyetveistiklalpartisi.org\/wp-content\/uploads\/2020\/11\/IMG_9767-1106x1536.jpg 1106w, https:\/\/cumhuriyetveistiklalpartisi.org\/wp-content\/uploads\/2020\/11\/IMG_9767-1474x2048.jpg 1474w, https:\/\/cumhuriyetveistiklalpartisi.org\/wp-content\/uploads\/2020\/11\/IMG_9767-scaled.jpg 1843w\" sizes=\"auto, (max-width: 737px) 100vw, 737px\" \/><\/figure>\n\n\n\n<figure class=\"wp-block-image size-large\"><img loading=\"lazy\" decoding=\"async\" width=\"716\" height=\"1024\" src=\"https:\/\/cumhuriyetveistiklalpartisi.org\/wp-content\/uploads\/2020\/11\/IMG_9768-716x1024.jpg\" alt=\"\" class=\"wp-image-97\" srcset=\"https:\/\/cumhuriyetveistiklalpartisi.org\/wp-content\/uploads\/2020\/11\/IMG_9768-716x1024.jpg 716w, https:\/\/cumhuriyetveistiklalpartisi.org\/wp-content\/uploads\/2020\/11\/IMG_9768-210x300.jpg 210w, https:\/\/cumhuriyetveistiklalpartisi.org\/wp-content\/uploads\/2020\/11\/IMG_9768-768x1098.jpg 768w, https:\/\/cumhuriyetveistiklalpartisi.org\/wp-content\/uploads\/2020\/11\/IMG_9768-1075x1536.jpg 1075w, https:\/\/cumhuriyetveistiklalpartisi.org\/wp-content\/uploads\/2020\/11\/IMG_9768-1433x2048.jpg 1433w, https:\/\/cumhuriyetveistiklalpartisi.org\/wp-content\/uploads\/2020\/11\/IMG_9768-scaled.jpg 1791w\" sizes=\"auto, (max-width: 716px) 100vw, 716px\" \/><\/figure>\n\n\n\n<figure class=\"wp-block-image size-large\"><img loading=\"lazy\" decoding=\"async\" width=\"714\" height=\"1024\" src=\"https:\/\/cumhuriyetveistiklalpartisi.org\/wp-content\/uploads\/2021\/04\/gelir-714x1024.jpg\" alt=\"\" class=\"wp-image-474\" srcset=\"https:\/\/cumhuriyetveistiklalpartisi.org\/wp-content\/uploads\/2021\/04\/gelir-714x1024.jpg 714w, https:\/\/cumhuriyetveistiklalpartisi.org\/wp-content\/uploads\/2021\/04\/gelir-209x300.jpg 209w, https:\/\/cumhuriyetveistiklalpartisi.org\/wp-content\/uploads\/2021\/04\/gelir-768x1102.jpg 768w, https:\/\/cumhuriyetveistiklalpartisi.org\/wp-content\/uploads\/2021\/04\/gelir.jpg 899w\" sizes=\"auto, (max-width: 714px) 100vw, 714px\" \/><\/figure>\n\n\n\n<p><\/p>\n","protected":false},"excerpt":{"rendered":"<p>Cumhuriyet ve \u0130stiklal Partisi 2020 Y\u0131l\u0131nda elde edilen Toplam elde edilen Gelir 112.200,60 T\u00fcrk Liras\u0131&#8217;d\u0131r.<\/p>\n","protected":false},"author":1,"featured_media":0,"parent":0,"menu_order":0,"comment_status":"closed","ping_status":"closed","template":"","meta":{"footnotes":""},"class_list":["post-24","page","type-page","status-publish","hentry"],"_links":{"self":[{"href":"https:\/\/cumhuriyetveistiklalpartisi.org\/index.php?rest_route=\/wp\/v2\/pages\/24","targetHints":{"allow":["GET"]}}],"collection":[{"href":"https:\/\/cumhuriyetveistiklalpartisi.org\/index.php?rest_route=\/wp\/v2\/pages"}],"about":[{"href":"https:\/\/cumhuriyetveistiklalpartisi.org\/index.php?rest_route=\/wp\/v2\/types\/page"}],"author":[{"embeddable":true,"href":"https:\/\/cumhuriyetveistiklalpartisi.org\/index.php?rest_route=\/wp\/v2\/users\/1"}],"replies":[{"embeddable":true,"href":"https:\/\/cumhuriyetveistiklalpartisi.org\/index.php?rest_route=%2Fwp%2Fv2%2Fcomments&post=24"}],"version-history":[{"count":9,"href":"https:\/\/cumhuriyetveistiklalpartisi.org\/index.php?rest_route=\/wp\/v2\/pages\/24\/revisions"}],"predecessor-version":[{"id":475,"href":"https:\/\/cumhuriyetveistiklalpartisi.org\/index.php?rest_route=\/wp\/v2\/pages\/24\/revisions\/475"}],"wp:attachment":[{"href":"https:\/\/cumhuriyetveistiklalpartisi.org\/index.php?rest_route=%2Fwp%2Fv2%2Fmedia&parent=24"}],"curies":[{"name":"wp","href":"https:\/\/api.w.org\/{rel}","templated":true}]}}