{"id":39,"date":"2020-11-02T08:12:12","date_gmt":"2020-11-02T08:12:12","guid":{"rendered":"http:\/\/cumhuriyetveistiklalpartisi.org\/?page_id=39"},"modified":"2025-08-27T11:36:09","modified_gmt":"2025-08-27T11:36:09","slug":"cumhuriyetin-manevi-mirascilari","status":"publish","type":"page","link":"https:\/\/cumhuriyetveistiklalpartisi.org\/","title":{"rendered":"Ana Sayfas\u0131"},"content":{"rendered":"\n<hr class=\"wp-block-separator has-alpha-channel-opacity is-style-wide\"\/>\n\n\n\n<p class=\"has-text-align-center has-large-font-size\">Sitemizi ziyaret etti\u011finiz i\u00e7in \u00e7ok te\u015fekk\u00fcr ederiz.<\/p>\n\n\n\n<hr class=\"wp-block-separator has-alpha-channel-opacity is-style-wide\"\/>\n\n\n\n<div class=\"wp-block-group\"><div class=\"wp-block-group__inner-container is-layout-constrained wp-block-group-is-layout-constrained\">\n<div class=\"wp-block-columns is-layout-flex wp-container-core-columns-is-layout-9d6595d7 wp-block-columns-is-layout-flex\">\n<div class=\"wp-block-column is-layout-flow wp-block-column-is-layout-flow\" style=\"flex-basis:85%\">\n<p>Cumhuriyet ve istiklal partisinin en temel ideolojisi Ekonomik refah ve toplumsal g\u00fcvendir. <\/p>\n\n\n\n<p>\u00d6rg\u00fct\u00fcm\u00fcz\u00fcn Temel ideolojisi vatanda\u015flar\u0131n ekonomik refah\u0131d\u0131r. vatanda\u015f\u0131n refah\u0131 h\u00fck\u00fcmet te\u015fkilat\u0131n\u0131n \u00fcst\u00fcndedir. Halk\u0131n ya\u015fay\u0131\u015f tarz\u0131 ve k\u00fclt\u00fcr\u00fc devlet temelini olu\u015fturur. Bunun tesis edilmesinde m\u00fcbadele arac\u0131 olan T\u00fcrk Liras\u0131n\u0131n ge\u00e7mi\u015fte oldu\u011fu gibi halka tevdi edilmelisi ve enflasyon yaratma yetene\u011fi h\u00fck\u00fcmetlerin elinde olmamas\u0131 gerekti\u011fini savunmaktad\u0131r. Bir zamanlar \u00d6zel \u015eirket stat\u00fcs\u00fc olan T\u00fcrkiye Cumhuriyet Merkez Bankas\u0131 1970 y\u0131l\u0131ndan sonra kamu kurumu olmas\u0131ndan sonra enflasyon yaratma yetene\u011fi h\u00fck\u00fcmetlere mahfuz olmu\u015ftur. Paran\u0131n kiras\u0131 olan &#8220;faiz&#8221; halk veya h\u00fck\u00fcmet farketmeksizin her ki\u015fi ve kurum i\u00e7in ayn\u0131 olmal\u0131d\u0131r. T.C.M.B ile iligli ba\u015fl\u0131ca de\u011fi\u015fikli\u011fi sa\u011f ve alt tarafta bulunan <strong>&#8220;En B\u00fcy\u00fck ideolojimiz&#8221; <\/strong>ve <strong>&#8220;Merkez Bankas\u0131 Doktirini&#8221; <\/strong>youtube videolar\u0131m\u0131zdan bilgi edinebilirsiniz. enflasyon ve ge\u00e7im s\u0131k\u0131nt\u0131s\u0131 bir kader ve hastal\u0131k de\u011fildir. H\u00fck\u00fcmetin para politikas\u0131 hilelerinden biridir. Bunu ortadan kald\u0131rmak i\u00e7in T.C.M.B. ile h\u00fck\u00fcmet ba\u011f\u0131n\u0131n kopar\u0131lmas\u0131n\u0131 taahh\u00fct ediyoruz. daha sonras\u0131nda G\u00fcmr\u00fck ve Ticaret Bakanl\u0131\u011f\u0131n\u0131 Merkez bankas\u0131n\u0131n piyasa m\u00fcd\u00fcrl\u00fc\u011f\u00fcne \u00e7eviriyoruz. k\u0131t kaynak olarak bas\u0131lan para d\u0131\u015f ticaret dengesi ile desteklenmez ise param\u0131z ALTIN dahi olsa fakirlikten kurtulamay\u0131z. \u015fuan h\u00fck\u00fcmet politikas\u0131nda merkez bankas\u0131ndan emir almas\u0131 gereken bakanl\u0131k ne yaz\u0131kki merkez bankas\u0131n\u0131n b\u00fcrokratik olarak \u00fczerindedir.<\/p>\n<\/div>\n<\/div>\n<\/div><\/div>\n\n\n\n<hr class=\"wp-block-separator has-alpha-channel-opacity is-style-wide\"\/>\n","protected":false},"excerpt":{"rendered":"<p>Sitemizi ziyaret etti\u011finiz i\u00e7in \u00e7ok te\u015fekk\u00fcr ederiz. Cumhuriyet ve istiklal partisinin en temel ideolojisi Ekonomik refah ve toplumsal g\u00fcvendir. \u00d6rg\u00fct\u00fcm\u00fcz\u00fcn Temel ideolojisi vatanda\u015flar\u0131n ekonomik refah\u0131d\u0131r. vatanda\u015f\u0131n refah\u0131 h\u00fck\u00fcmet te\u015fkilat\u0131n\u0131n \u00fcst\u00fcndedir. Halk\u0131n ya\u015fay\u0131\u015f tarz\u0131 ve k\u00fclt\u00fcr\u00fc devlet temelini olu\u015fturur. Bunun tesis edilmesinde m\u00fcbadele arac\u0131 olan T\u00fcrk Liras\u0131n\u0131n ge\u00e7mi\u015fte oldu\u011fu gibi halka tevdi edilmelisi ve enflasyon yaratma [&hellip;]<\/p>\n","protected":false},"author":1,"featured_media":0,"parent":0,"menu_order":0,"comment_status":"closed","ping_status":"closed","template":"","meta":{"footnotes":""},"class_list":["post-39","page","type-page","status-publish","hentry"],"_links":{"self":[{"href":"https:\/\/cumhuriyetveistiklalpartisi.org\/index.php?rest_route=\/wp\/v2\/pages\/39","targetHints":{"allow":["GET"]}}],"collection":[{"href":"https:\/\/cumhuriyetveistiklalpartisi.org\/index.php?rest_route=\/wp\/v2\/pages"}],"about":[{"href":"https:\/\/cumhuriyetveistiklalpartisi.org\/index.php?rest_route=\/wp\/v2\/types\/page"}],"author":[{"embeddable":true,"href":"https:\/\/cumhuriyetveistiklalpartisi.org\/index.php?rest_route=\/wp\/v2\/users\/1"}],"replies":[{"embeddable":true,"href":"https:\/\/cumhuriyetveistiklalpartisi.org\/index.php?rest_route=%2Fwp%2Fv2%2Fcomments&post=39"}],"version-history":[{"count":82,"href":"https:\/\/cumhuriyetveistiklalpartisi.org\/index.php?rest_route=\/wp\/v2\/pages\/39\/revisions"}],"predecessor-version":[{"id":1674,"href":"https:\/\/cumhuriyetveistiklalpartisi.org\/index.php?rest_route=\/wp\/v2\/pages\/39\/revisions\/1674"}],"wp:attachment":[{"href":"https:\/\/cumhuriyetveistiklalpartisi.org\/index.php?rest_route=%2Fwp%2Fv2%2Fmedia&parent=39"}],"curies":[{"name":"wp","href":"https:\/\/api.w.org\/{rel}","templated":true}]}}