{"id":41,"date":"2020-11-02T08:13:13","date_gmt":"2020-11-02T08:13:13","guid":{"rendered":"http:\/\/cumhuriyetveistiklalpartisi.org\/?page_id=41"},"modified":"2025-08-27T09:21:32","modified_gmt":"2025-08-27T09:21:32","slug":"tcmb-politikasi","status":"publish","type":"page","link":"https:\/\/cumhuriyetveistiklalpartisi.org\/?page_id=41","title":{"rendered":"T.C.M.B. Politikas\u0131"},"content":{"rendered":"\n<p>Cumhuriyet ve \u0130stiklal Partisinin Para Politikas\u0131 T.C.M.B. s\u0131n\u0131n h\u00fck\u00fcmet iradesinden tamamen uzak olmas\u0131n\u0131 kabul eder. Ge\u00e7mi\u015ften g\u00fcm\u00fcz\u00fcne de\u011fin T.C.M.B. T\u00fcrk liras\u0131n\u0131n tanzim ve ihra\u00e7 g\u00f6revini icra etmektedir. T\u00fcrk Liras\u0131, Vatanda\u015flar\u0131n emek ve \u00fcretti\u011fi de\u011ferin takas arac\u0131d\u0131r. T\u00fcrk Liras\u0131n\u0131n nisab\u0131na g\u00f6re k\u0131saca azl\u0131\u011f\u0131 veya \u00e7oklu\u011funa g\u00f6re paran\u0131n kiras\u0131 olan &#8220;faiz&#8221; vade takas \u00fccretir. H\u00fck\u00fcmet politikas\u0131na ve jeopolitik risklerden dolay\u0131 bu nisab\u0131n \u00f6l\u00e7\u00fcs\u00fc y\u00fcksek oranlarda artabilir. Bunun sonucunda piyasada a\u015f\u0131r\u0131 bulunan T\u00fcrk Liras\u0131 &#8220;Talep Enflasyonu&#8221; yaratabilir. Bu durum her zaman sat\u0131n almak istedi\u011fimiz mal ve hizmetlerin fiyatlar\u0131n\u0131n rakamsal olarak y\u00fckselmesine neden olur. bu durum kar\u015f\u0131s\u0131nda piyasada talep enflasyonu yaratan a\u015f\u0131r\u0131 miktardaki para piyasadan \u00e7ekilmesi i\u00e7in tasarruf sahiplerine Faiz geliri ad\u0131 alt\u0131nda enflasyonla e\u015fit miktarda bedel \u00f6denir. Halk\u0131n refah ve mutlulu\u011fu i\u00e7in gerekli bir durumdur. Bazen i\u015f bilmez h\u00fck\u00fcmet ve para politikas\u0131 y\u00f6neticileri enflasyon \u00fczeri faiz politikas\u0131 belirleyerek ekonomik dengeleri sekteye u\u011frat\u0131r. Enflasyon ve Faiz daima e\u015fit olmal\u0131d\u0131r. Tasarruf sahipleri anaparas\u0131n\u0131n kullan\u0131m hakk\u0131n\u0131 bankaya terk ederken enflasyondan korunmal\u0131 ancak kar elde etmemelidir. \u00c7ok tehlikeli bir durumdur bir cemiyeti i\u00e7ten kemiren sinsi bir hastal\u0131kt\u0131r. veyahut ge\u00e7mi\u015fte \u00f6rne\u011fi g\u00f6r\u00fcld\u00fc\u011f\u00fc \u00fczere enflasyon alt\u0131 faiz verilmesi durumunda tasarruf sahipleri halk\u0131n en temel ihtiya\u00e7lar\u0131n\u0131 bile sat\u0131n almak suretiyle enflasyondan korunma yoluna giderler. bu durumda \u00f6ng\u00f6r\u00fclen enflasyonun daha fazla artmas\u0131na sebeb olur. ama \u00f6ncelikle T\u00fcrk Liras\u0131 Banknot tanzim ve ihra\u00e7 yetkisi bulunan merkez bankas\u0131n\u0131n h\u00fck\u00fcmet iradesinden uzak k\u0131lmak maksad\u0131 ile %51 \u00e7o\u011funluk hissesi h\u00fck\u00fcmetin elinden al\u0131nmal\u0131d\u0131r. borsaya kote edilip t\u00fcrk vatanda\u015flar\u0131 aras\u0131nda al\u0131m sat\u0131ma konu edilmesi gerekmektedir. ge\u00e7mi\u015f ve g\u00fcn\u00fcm\u00fczde ya\u015fan\u0131lan paran\u0131n kiras\u0131 faiz her kim olursa olsun bedelinin ayn\u0131 olmas\u0131 gerekmektedir. H\u00fck\u00fcmet, kamu bankalar\u0131 veya \u00f6zel sekt\u00f6r kim olursa olsun paran\u0131n faizi daima e\u015fit olmal\u0131d\u0131r. Ancak T\u00fcrk Liras\u0131n\u0131n de\u011ferini korumak i\u00e7in bu tedbirler yeterli de\u011fildir. Param\u0131z alt\u0131n standard\u0131na   g\u00f6re tanzim edilse dahi d\u0131\u015f ticaret a\u00e7\u0131\u011f\u0131 vermek zamanla fakirle\u015fmemize neden olacakt\u0131r. bu nedenle T.C.M.B, T\u00dc\u0130K ve G\u00fcmr\u00fck ve Ticaret Bakanl\u0131\u011f\u0131 e\u015f g\u00fcd\u00fcml\u00fc \u00e7al\u0131\u015fmak zorundad\u0131r. T\u00dc\u0130K belirledi\u011fi Enflasyon oran\u0131 y\u00fczdesine g\u00f6re Enflasyon meydana gelmi\u015f ise Merkez Bankas\u0131 bu y\u00fczde oran\u0131nda piyasadan d\u00f6viz sat\u0131n almak ko\u015fulu ile D\u00f6viz kurlar\u0131n\u0131 artt\u0131rmak zorundad\u0131r. Devletler hobi olsun diye d\u00f6viz kurlar\u0131n\u0131 artt\u0131rmazlar, bu devletin bir savunma refleksidir. T\u00fcrk mal ve Hizmetlerinin d\u00f6viz baz\u0131nda d\u00fcnya standarlar\u0131nda fiyat etiketi bak\u0131m\u0131ndan senkron bir \u015fekilde seyretmesini sa\u011flamak zorundad\u0131r. aksi halde d\u00fcnya fiyatlar\u0131na g\u00f6re pahal\u0131 bir \u00fclke konumuna d\u00fc\u015fer bavul ticareti yapan bir millet konumuna d\u00fc\u015feriz.  Turizm ve sanayide kom\u015fu \u00fclkelerden pahal\u0131 duruma d\u00fc\u015fer cari a\u00e7\u0131\u011f\u0131 vatanda\u015f\u0131n bankaya emanet etti\u011fi mevduattan gizlice kar\u015f\u0131lama durumuna d\u00fc\u015feriz. Bankac\u0131l\u0131k sisteminin sa\u011flad\u0131\u011f\u0131 finansal kudretin b\u00f6yle ac\u0131nas\u0131 bir durumla heba edilmesi ulusal bir yozla\u015fmad\u0131r. Bu finansal birikim sermaye olarak gerekli sekt\u00f6rlere kaynak olarak aktar\u0131lmal\u0131d\u0131r. dezenflasyon olu\u015fmu\u015f ise T.C.M.B. piyasaya d\u00f6viz satarak d\u00f6vizi a\u015fa\u011f\u0131 \u00e7ekmelidir. ancak bu tedbirler gerekli \u015fartlar\u0131n sa\u011flamas\u0131 amac\u0131 ta\u015f\u0131r. ithalat ve ihracat dengesini g\u00f6zetmek G\u00fcmr\u00fck ve Ticaret bakanl\u0131\u011f\u0131n\u0131n sorumlulu\u011fundad\u0131r. T\u00fcrk Liras\u0131ndaki a\u015f\u0131r\u0131 de\u011fer kayb\u0131 bu \u015fartlar sa\u011fland\u0131ktan sonra as\u0131l sorumluluk olan G\u00fcmr\u00fck ve Ticaret Bakanl\u0131\u011f\u0131na aittir.     <\/p>\n","protected":false},"excerpt":{"rendered":"<p>Cumhuriyet ve \u0130stiklal Partisinin Para Politikas\u0131 T.C.M.B. s\u0131n\u0131n h\u00fck\u00fcmet iradesinden tamamen uzak olmas\u0131n\u0131 kabul eder. Ge\u00e7mi\u015ften g\u00fcm\u00fcz\u00fcne de\u011fin T.C.M.B. T\u00fcrk liras\u0131n\u0131n tanzim ve ihra\u00e7 g\u00f6revini icra etmektedir. T\u00fcrk Liras\u0131, Vatanda\u015flar\u0131n emek ve \u00fcretti\u011fi de\u011ferin takas arac\u0131d\u0131r. T\u00fcrk Liras\u0131n\u0131n nisab\u0131na g\u00f6re k\u0131saca azl\u0131\u011f\u0131 veya \u00e7oklu\u011funa g\u00f6re paran\u0131n kiras\u0131 olan &#8220;faiz&#8221; vade takas \u00fccretir. H\u00fck\u00fcmet politikas\u0131na ve [&hellip;]<\/p>\n","protected":false},"author":1,"featured_media":0,"parent":0,"menu_order":0,"comment_status":"closed","ping_status":"closed","template":"","meta":{"footnotes":""},"class_list":["post-41","page","type-page","status-publish","hentry"],"_links":{"self":[{"href":"https:\/\/cumhuriyetveistiklalpartisi.org\/index.php?rest_route=\/wp\/v2\/pages\/41","targetHints":{"allow":["GET"]}}],"collection":[{"href":"https:\/\/cumhuriyetveistiklalpartisi.org\/index.php?rest_route=\/wp\/v2\/pages"}],"about":[{"href":"https:\/\/cumhuriyetveistiklalpartisi.org\/index.php?rest_route=\/wp\/v2\/types\/page"}],"author":[{"embeddable":true,"href":"https:\/\/cumhuriyetveistiklalpartisi.org\/index.php?rest_route=\/wp\/v2\/users\/1"}],"replies":[{"embeddable":true,"href":"https:\/\/cumhuriyetveistiklalpartisi.org\/index.php?rest_route=%2Fwp%2Fv2%2Fcomments&post=41"}],"version-history":[{"count":17,"href":"https:\/\/cumhuriyetveistiklalpartisi.org\/index.php?rest_route=\/wp\/v2\/pages\/41\/revisions"}],"predecessor-version":[{"id":1648,"href":"https:\/\/cumhuriyetveistiklalpartisi.org\/index.php?rest_route=\/wp\/v2\/pages\/41\/revisions\/1648"}],"wp:attachment":[{"href":"https:\/\/cumhuriyetveistiklalpartisi.org\/index.php?rest_route=%2Fwp%2Fv2%2Fmedia&parent=41"}],"curies":[{"name":"wp","href":"https:\/\/api.w.org\/{rel}","templated":true}]}}