{"id":471,"date":"2021-04-09T09:42:51","date_gmt":"2021-04-09T09:42:51","guid":{"rendered":"http:\/\/cumhuriyetveistiklalpartisi.org\/?page_id=471"},"modified":"2021-04-09T10:29:42","modified_gmt":"2021-04-09T10:29:42","slug":"gelir-gider-2","status":"publish","type":"page","link":"https:\/\/cumhuriyetveistiklalpartisi.org\/?page_id=471","title":{"rendered":"Gelir Gider"},"content":{"rendered":"\n<p><a href=\"https:\/\/cumhuriyetveistiklalpartisi.org\/?page_id=409\" data-type=\"page\" data-id=\"409\"><span class=\"has-inline-color has-black-color\"><strong>2020 Y\u0131l\u0131 Hesap Gelir-Gider Hesap \u00d6zeti<\/strong><\/span><\/a><\/p>\n\n\n\n<p><a href=\"https:\/\/cumhuriyetveistiklalpartisi.org\/?page_id=494\" data-type=\"page\" data-id=\"494\"><strong><span class=\"has-inline-color has-black-color\">2021 Y\u0131l\u0131 Hesap Gelir-Gider Hesap \u00d6zeti<\/span><\/strong><\/a><\/p>\n\n\n\n<p><\/p>\n","protected":false},"excerpt":{"rendered":"<p>2020 Y\u0131l\u0131 Hesap Gelir-Gider Hesap \u00d6zeti 2021 Y\u0131l\u0131 Hesap Gelir-Gider Hesap \u00d6zeti<\/p>\n","protected":false},"author":1,"featured_media":0,"parent":0,"menu_order":0,"comment_status":"closed","ping_status":"closed","template":"","meta":{"footnotes":""},"class_list":["post-471","page","type-page","status-publish","hentry"],"_links":{"self":[{"href":"https:\/\/cumhuriyetveistiklalpartisi.org\/index.php?rest_route=\/wp\/v2\/pages\/471","targetHints":{"allow":["GET"]}}],"collection":[{"href":"https:\/\/cumhuriyetveistiklalpartisi.org\/index.php?rest_route=\/wp\/v2\/pages"}],"about":[{"href":"https:\/\/cumhuriyetveistiklalpartisi.org\/index.php?rest_route=\/wp\/v2\/types\/page"}],"author":[{"embeddable":true,"href":"https:\/\/cumhuriyetveistiklalpartisi.org\/index.php?rest_route=\/wp\/v2\/users\/1"}],"replies":[{"embeddable":true,"href":"https:\/\/cumhuriyetveistiklalpartisi.org\/index.php?rest_route=%2Fwp%2Fv2%2Fcomments&post=471"}],"version-history":[{"count":4,"href":"https:\/\/cumhuriyetveistiklalpartisi.org\/index.php?rest_route=\/wp\/v2\/pages\/471\/revisions"}],"predecessor-version":[{"id":499,"href":"https:\/\/cumhuriyetveistiklalpartisi.org\/index.php?rest_route=\/wp\/v2\/pages\/471\/revisions\/499"}],"wp:attachment":[{"href":"https:\/\/cumhuriyetveistiklalpartisi.org\/index.php?rest_route=%2Fwp%2Fv2%2Fmedia&parent=471"}],"curies":[{"name":"wp","href":"https:\/\/api.w.org\/{rel}","templated":true}]}}