{"id":533,"date":"2021-05-18T12:28:49","date_gmt":"2021-05-18T12:28:49","guid":{"rendered":"http:\/\/cumhuriyetveistiklalpartisi.org\/?page_id=533"},"modified":"2025-08-27T07:51:08","modified_gmt":"2025-08-27T07:51:08","slug":"istanbul-il-baskanligi","status":"publish","type":"page","link":"https:\/\/cumhuriyetveistiklalpartisi.org\/?page_id=533","title":{"rendered":"\u0130stanbul \u0130l Ba\u015fkanl\u0131\u011f\u0131"},"content":{"rendered":"\n<p><\/p>\n\n\n\n<div class=\"wp-block-media-text alignwide is-stacked-on-mobile\" style=\"grid-template-columns:16% auto\"><figure class=\"wp-block-media-text__media\"><img loading=\"lazy\" decoding=\"async\" width=\"1024\" height=\"962\" src=\"http:\/\/cumhuriyetveistiklalpartisi.org\/wp-content\/uploads\/2021\/10\/LOGO-1024x962.png\" alt=\"\" class=\"wp-image-812 size-full\" srcset=\"https:\/\/cumhuriyetveistiklalpartisi.org\/wp-content\/uploads\/2021\/10\/LOGO-1024x962.png 1024w, https:\/\/cumhuriyetveistiklalpartisi.org\/wp-content\/uploads\/2021\/10\/LOGO-300x282.png 300w, https:\/\/cumhuriyetveistiklalpartisi.org\/wp-content\/uploads\/2021\/10\/LOGO-768x722.png 768w, https:\/\/cumhuriyetveistiklalpartisi.org\/wp-content\/uploads\/2021\/10\/LOGO-1536x1443.png 1536w, https:\/\/cumhuriyetveistiklalpartisi.org\/wp-content\/uploads\/2021\/10\/LOGO.png 2023w\" sizes=\"auto, (max-width: 1024px) 100vw, 1024px\" \/><\/figure><div class=\"wp-block-media-text__content\">\n<p style=\"font-size:24px\"><mark style=\"background-color:rgba(0, 0, 0, 0)\" class=\"has-inline-color has-vivid-red-color\"><strong>\u0130stanbul \u0130l Ba\u015fkan\u0131<\/strong><\/mark><\/p>\n\n\n\n<p class=\"has-text-align-left\"><\/p>\n\n\n\n<p><\/p>\n<\/div><\/div>\n","protected":false},"excerpt":{"rendered":"<p>\u0130stanbul \u0130l Ba\u015fkan\u0131<\/p>\n","protected":false},"author":1,"featured_media":0,"parent":0,"menu_order":0,"comment_status":"closed","ping_status":"closed","template":"","meta":{"footnotes":""},"class_list":["post-533","page","type-page","status-publish","hentry"],"_links":{"self":[{"href":"https:\/\/cumhuriyetveistiklalpartisi.org\/index.php?rest_route=\/wp\/v2\/pages\/533","targetHints":{"allow":["GET"]}}],"collection":[{"href":"https:\/\/cumhuriyetveistiklalpartisi.org\/index.php?rest_route=\/wp\/v2\/pages"}],"about":[{"href":"https:\/\/cumhuriyetveistiklalpartisi.org\/index.php?rest_route=\/wp\/v2\/types\/page"}],"author":[{"embeddable":true,"href":"https:\/\/cumhuriyetveistiklalpartisi.org\/index.php?rest_route=\/wp\/v2\/users\/1"}],"replies":[{"embeddable":true,"href":"https:\/\/cumhuriyetveistiklalpartisi.org\/index.php?rest_route=%2Fwp%2Fv2%2Fcomments&post=533"}],"version-history":[{"count":26,"href":"https:\/\/cumhuriyetveistiklalpartisi.org\/index.php?rest_route=\/wp\/v2\/pages\/533\/revisions"}],"predecessor-version":[{"id":1610,"href":"https:\/\/cumhuriyetveistiklalpartisi.org\/index.php?rest_route=\/wp\/v2\/pages\/533\/revisions\/1610"}],"wp:attachment":[{"href":"https:\/\/cumhuriyetveistiklalpartisi.org\/index.php?rest_route=%2Fwp%2Fv2%2Fmedia&parent=533"}],"curies":[{"name":"wp","href":"https:\/\/api.w.org\/{rel}","templated":true}]}}