{"id":73,"date":"2020-11-02T09:45:32","date_gmt":"2020-11-02T09:45:32","guid":{"rendered":"http:\/\/cumhuriyetveistiklalpartisi.org\/?page_id=73"},"modified":"2025-08-06T06:13:10","modified_gmt":"2025-08-06T06:13:10","slug":"uye-listesi","status":"publish","type":"page","link":"https:\/\/cumhuriyetveistiklalpartisi.org\/?page_id=73","title":{"rendered":"\u00dcYE OL"},"content":{"rendered":"<div class=\"wp-block-image\">\n<figure class=\"aligncenter size-large is-resized\"><img loading=\"lazy\" decoding=\"async\" src=\"http:\/\/cumhuriyetveistiklalpartisi.org\/wp-content\/uploads\/2021\/10\/LOGO-1024x962.png\" alt=\"\" class=\"wp-image-812\" width=\"201\" height=\"189\" srcset=\"https:\/\/cumhuriyetveistiklalpartisi.org\/wp-content\/uploads\/2021\/10\/LOGO-1024x962.png 1024w, https:\/\/cumhuriyetveistiklalpartisi.org\/wp-content\/uploads\/2021\/10\/LOGO-300x282.png 300w, https:\/\/cumhuriyetveistiklalpartisi.org\/wp-content\/uploads\/2021\/10\/LOGO-768x722.png 768w, https:\/\/cumhuriyetveistiklalpartisi.org\/wp-content\/uploads\/2021\/10\/LOGO-1536x1443.png 1536w, https:\/\/cumhuriyetveistiklalpartisi.org\/wp-content\/uploads\/2021\/10\/LOGO.png 2023w\" sizes=\"auto, (max-width: 201px) 100vw, 201px\" \/><\/figure>\n<\/div>\n\n\n<p>                                <\/p>\n\n\n\n<p class=\"has-text-align-center\">                                          <strong>S\u0130YAS\u0130 YAPILANMA \u0130\u00c7\u0130N \u201cEKONOM\u0130K \u0130\u015eLER\u201d GENELGES\u0130<\/strong><\/p>\n\n\n\n<p>Siyasi Partiler, gerek \u00fclkeyi y\u0131kmak gerek \u00fclkeyi kalk\u0131nd\u0131rmak i\u00e7in demokratik hayat\u0131n vazge\u00e7ilmez bir par\u00e7as\u0131d\u0131r. \u00dclkenin \u201cy\u00fcr\u00fctme\u201d organ\u0131n\u0131 komuta i\u00e7in me\u015fru anahtar\u0131d\u0131r. vatanda\u015fl\u0131k g\u00f6revi olan \u201coy verme\u201d eylemi neticesinde \u00e7o\u011funluk oylar\u0131n\u0131 alan siyasi \u00f6rg\u00fctler \u201ch\u00fck\u00fcmet kurma\u201d g\u00f6revi \u00fcstlenir. Geli\u015fen hayat \u015fartlar\u0131, n\u00fcfusun artmas\u0131 ve ekonomik verilerin insan ve konut say\u0131s\u0131ndaki art\u0131\u015fla birlikte artmas\u0131ndan dolay\u0131 siyasi partilerin se\u00e7ime girmesi i\u00e7in baz\u0131 kriterler belirlenmi\u015ftir. Buda me\u015fru y\u00f6netim hakk\u0131n\u0131n medya ve ekonomik \u015fartlar\u0131 yerine getirenlerin lehine bir durum yaratm\u0131\u015ft\u0131r. Halk\u0131m\u0131z bundan pek bir endi\u015fe duymasada oy kullanmas\u0131nda k\u0131stas\u0131 k\u00f6t\u00fc ve daha k\u00f6t\u00fc aras\u0131nda tercih yapmakt\u0131r. Millet vekilleri Milletin en k\u00fc\u00e7\u00fck menfaatine dahi olacak yasama \u00f6nergesine \u201cred\u201d oyu kullanmaktad\u0131r. Bu da vekillerin parti vekili oldu\u011funun en somut kan\u0131t\u0131d\u0131r. \u00d6ncelikle partimizin ekonomik \u015fekilde idamesi i\u00e7in mevcut ve gelecekteki Genel Ba\u015fkanlara kararlar\u0131n\u0131 s\u00fcrd\u00fcrebilecek ekonomik serbestlik vermesi ad\u0131na t\u00fcz\u00fckte b\u00f6yle bir g\u00fcncelleme yap\u0131lmas\u0131n\u0131 zaruri g\u00f6rmekteyim. Kanunlar\u0131m\u0131z gibi enflasyona ve zamana yenilmemesi ad\u0131na asgari \u00fccrete oranlama yap\u0131larak her y\u0131l yeni hesaplama zahmetini h\u00fck\u00fcmete y\u0131kmak en mant\u0131kl\u0131 tercih olacakt\u0131r. Cumhuriyet ve \u0130stiklal Partisinin 20 ki\u015fiden olu\u015fan <strong>Merkez karar ve Y\u00f6netim Kurulu<\/strong> \u00fcyeleri, 11 ki\u015fiden <strong>Merkez Disiplin Kurulu <\/strong>\u00dcyeleri, <strong>\u0130l ve \u0130l\u00e7e Ba\u015fkanlar\u0131<\/strong> ile <strong>Parti \u00dcyelerini <\/strong>Ekonomik y\u00fck\u00fcml\u00fcl\u00fc\u011fe tabi tutar. Her y\u0131l olacak \u015fekilde Tekrar edilir. Ekonomik G\u00fcc\u00fcn Kontrol\u00fc \u00fclkede bir g\u00fcn olacak \u015fekilde belirlenecektir. Ne vahimdir ki site y\u00f6netiminden tutunda siyasi partilere kadar bu bir ki\u015finin kontrol\u00fcndedir. Belediyelerden h\u00fck\u00fcmete kadar. Partimizde Bankadaki para ve kullan\u0131m\u0131 baz\u0131 \u015fartlara ba\u011fl\u0131d\u0131r. Asgari \u00fccretin \u00fczerindeki harcamlarda veya cari y\u0131lda toplanda sarf malzeme k\u00fcm\u00fclatif toplam\u0131 asgari \u00fccreti ge\u00e7en harcamlarda Genel Ba\u015fkan veya Ba\u015fkan Yard\u0131mc\u0131s\u0131 Genel \u0130dare Kurulunun \u00c7o\u011funlu\u011funu Almak zorundad\u0131r. \u00c7o\u011funluk sa\u011flanamad\u0131\u011f\u0131 takdirde 3\/1 say\u0131 yeterli de\u011fildir. %51 \u00e7o\u011funlukla dahi olsa onaylanan Karar, olumsuz karar veren y\u00f6netim kurulu say\u0131s\u0131 3\/1 say\u0131ya denk ise olumsuz g\u00f6r\u00fc\u015f d\u00fc\u015f\u00fcncesi karar metnine eklenmek suretiyle noterden onaylan\u0131r ve parti merkezi panosuna ve web sitesinde ilan edilir. Harcamalar konusunda asgari \u00fccret baremine tak\u0131lmas\u0131nda, belirlenmesinde itilaf halinde karar Merkez Disiplin Kurulundad\u0131r. Genel Ba\u015fkan\u0131 di\u011fer siyasi partilerde oldu\u011fu gibi s\u0131n\u0131rl\u0131 say\u0131da ve ba\u011f\u0131ml\u0131 delegeler se\u00e7mez. Her \u00fcyenin oy hakk\u0131 vard\u0131r. \u00dcyelik hakk\u0131 yat\u0131rmam\u0131\u015f \u00fcyenin oyu ge\u00e7ersiz say\u0131l\u0131r. \u00dc\u00e7 y\u0131l \u00fcyeli\u011fi olmayan Genel Ba\u015fkan olamaz, Merkez karar ve Y\u00f6netim Kurulunun %51\u2019i taraf\u0131ndan aday G\u00f6sterilen adayda bu \u015fartlar aranmaz. Gelecekte partiyi ele ge\u00e7irmek isteyen g\u00fc\u00e7lere mali k\u00fclfet olmas\u0131 dile\u011fiyle\u2026 kim ki 2025 Y\u0131l\u0131nda al\u0131nan bu karar\u0131 de\u011fi\u015ftirmek isterse Allah\u2019\u0131n ve meleklerin laneti \u00fczerine olsun partinin paras\u0131na mal\u0131na g\u00f6z dikmi\u015f h\u0131rs\u0131z\u0131n ta kendisidir. &nbsp; &nbsp; &nbsp; &nbsp; <strong>&nbsp; <\/strong>&nbsp; &nbsp; &nbsp;<\/p>\n\n\n\n<p>Cumhuriyet ve istiklal Partisi Her Y\u0131l Tekrarlanan <strong>\u201cKat\u0131l\u0131m Bedelleri\u201d <\/strong>\u015fu \u015fekildedir.&nbsp;<\/p>\n\n\n\n<p>Asgari \u00fccretin Tespiti sonras\u0131ndaki k\u00fcsuratlar g\u00f6rmezden gelinir. %5\u2019i a\u015fmayan t\u00fcm k\u00fcsuratlar silinir. 22.104TL olan asgari \u00fccret \u00fcyelik bedeli hesaplanmas\u0131nda 22.000 olarak hesaplan\u0131r.&nbsp;<\/p>\n\n\n\n<p>Parti \u00dcyeleri <strong>%5<\/strong><\/p>\n\n\n\n<p>\u0130l ve \u0130l\u00e7e Ba\u015fkanlar\u0131 <strong>%20<\/strong><\/p>\n\n\n\n<p>Merkez Disiplin kurulu \u00fcyeleri <strong>%20<\/strong>&nbsp; &nbsp;<\/p>\n\n\n\n<p>Merkez Karar ve Y\u00f6netim Kurulu \u00fcyeleri <strong>%50<\/strong><\/p>\n\n\n\n<div data-wp-interactive=\"core\/file\" class=\"wp-block-file\"><object data-wp-bind--hidden=\"!state.hasPdfPreview\" hidden class=\"wp-block-file__embed\" data=\"https:\/\/cumhuriyetveistiklalpartisi.org\/wp-content\/uploads\/2025\/08\/uyelik-formu-pdf.pdf\" type=\"application\/pdf\" style=\"width:100%;height:600px\" aria-label=\"uyelik-formu-pdf g\u00f6m\u00fcs\u00fc.\"><\/object><a id=\"wp-block-file--media-f0cb462c-d632-4d36-9651-ecfb22af9a70\" href=\"https:\/\/cumhuriyetveistiklalpartisi.org\/wp-content\/uploads\/2025\/08\/uyelik-formu-pdf.pdf\">uyelik-formu-pdf<\/a><a href=\"https:\/\/cumhuriyetveistiklalpartisi.org\/wp-content\/uploads\/2025\/08\/uyelik-formu-pdf.pdf\" class=\"wp-block-file__button wp-element-button\" download aria-describedby=\"wp-block-file--media-f0cb462c-d632-4d36-9651-ecfb22af9a70\">\u0130ndir<\/a><\/div>\n","protected":false},"excerpt":{"rendered":"<p>S\u0130YAS\u0130 YAPILANMA \u0130\u00c7\u0130N \u201cEKONOM\u0130K \u0130\u015eLER\u201d GENELGES\u0130 Siyasi Partiler, gerek \u00fclkeyi y\u0131kmak gerek \u00fclkeyi kalk\u0131nd\u0131rmak i\u00e7in demokratik hayat\u0131n vazge\u00e7ilmez bir par\u00e7as\u0131d\u0131r. \u00dclkenin \u201cy\u00fcr\u00fctme\u201d organ\u0131n\u0131 komuta i\u00e7in me\u015fru anahtar\u0131d\u0131r. vatanda\u015fl\u0131k g\u00f6revi olan \u201coy verme\u201d eylemi neticesinde \u00e7o\u011funluk oylar\u0131n\u0131 alan siyasi \u00f6rg\u00fctler \u201ch\u00fck\u00fcmet kurma\u201d g\u00f6revi \u00fcstlenir. Geli\u015fen hayat \u015fartlar\u0131, n\u00fcfusun artmas\u0131 ve ekonomik verilerin insan ve konut say\u0131s\u0131ndaki [&hellip;]<\/p>\n","protected":false},"author":1,"featured_media":0,"parent":0,"menu_order":0,"comment_status":"closed","ping_status":"closed","template":"","meta":{"footnotes":""},"class_list":["post-73","page","type-page","status-publish","hentry"],"_links":{"self":[{"href":"https:\/\/cumhuriyetveistiklalpartisi.org\/index.php?rest_route=\/wp\/v2\/pages\/73","targetHints":{"allow":["GET"]}}],"collection":[{"href":"https:\/\/cumhuriyetveistiklalpartisi.org\/index.php?rest_route=\/wp\/v2\/pages"}],"about":[{"href":"https:\/\/cumhuriyetveistiklalpartisi.org\/index.php?rest_route=\/wp\/v2\/types\/page"}],"author":[{"embeddable":true,"href":"https:\/\/cumhuriyetveistiklalpartisi.org\/index.php?rest_route=\/wp\/v2\/users\/1"}],"replies":[{"embeddable":true,"href":"https:\/\/cumhuriyetveistiklalpartisi.org\/index.php?rest_route=%2Fwp%2Fv2%2Fcomments&post=73"}],"version-history":[{"count":47,"href":"https:\/\/cumhuriyetveistiklalpartisi.org\/index.php?rest_route=\/wp\/v2\/pages\/73\/revisions"}],"predecessor-version":[{"id":1327,"href":"https:\/\/cumhuriyetveistiklalpartisi.org\/index.php?rest_route=\/wp\/v2\/pages\/73\/revisions\/1327"}],"wp:attachment":[{"href":"https:\/\/cumhuriyetveistiklalpartisi.org\/index.php?rest_route=%2Fwp%2Fv2%2Fmedia&parent=73"}],"curies":[{"name":"wp","href":"https:\/\/api.w.org\/{rel}","templated":true}]}}